{"id":2104,"date":"2023-09-19T11:27:42","date_gmt":"2023-09-19T09:27:42","guid":{"rendered":"https:\/\/latteingredients.sk\/latte-ingredients\/"},"modified":"2023-09-25T08:43:56","modified_gmt":"2023-09-25T06:43:56","slug":"latte-ingredients","status":"publish","type":"page","link":"https:\/\/latteingredients.sk\/hu\/","title":{"rendered":"latte ingredients"},"content":{"rendered":"<p>[et_pb_section bb_built=&#8221;1&#8243; fullwidth=&#8221;on&#8221; _builder_version=&#8221;3.0.82&#8243; next_background_color=&#8221;#000000&#8243;][et_pb_fullwidth_slider show_pagination=&#8221;off&#8221; _builder_version=&#8221;3.10.2&#8243; box_shadow_style=&#8221;preset6&#8243; box_shadow_blur=&#8221;10px&#8221; box_shadow_color=&#8221;rgba(0,0,0,0.1)&#8221; auto=&#8221;on&#8221; auto_speed=&#8221;12000&#8243; custom_css_slide_button=&#8221;font-size: 0px;||background-color: rgba(0, 0, 0, 0.0) !important;||top: -1000px;||right: -1000px;||height: 5000px;||width: 5000px;||position: absolute;&#8221;][et_pb_slide button_text=&#8221;TERM\u00c9KEK&#8221; button_link=&#8221;https:\/\/latteingredients.sk\/produkty\/&#8221; use_bg_overlay=&#8221;on&#8221; bg_overlay_color=&#8221;rgba(0,0,0,0.03)&#8221; use_text_overlay=&#8221;off&#8221; _builder_version=&#8221;3.10.2&#8243; background_color=&#8221;#ffffff&#8221; background_image=&#8221;https:\/\/latteingredients.sk\/wp-content\/uploads\/2020\/04\/mliecne-vyrobky-v1.jpg&#8221; custom_button=&#8221;on&#8221; button_text_size=&#8221;65px&#8221; button_text_color=&#8221;rgba(255,255,255,0.48)&#8221; button_border_width=&#8221;0px&#8221; button_border_radius=&#8221;17px&#8221; button_letter_spacing=&#8221;2px&#8221; button_font=&#8221;|||on|||||&#8221; button_use_icon=&#8221;off&#8221; button_bg_color_hover=&#8221;rgba(0,0,0,0)&#8221; button_text_size_tablet=&#8221;65px&#8221; button_text_size_phone=&#8221;35px&#8221; button_letter_spacing_tablet=&#8221;2px&#8221; button_letter_spacing_phone=&#8221;2px&#8221; button_text_size_last_edited=&#8221;on|phone&#8221; button_alignment=&#8221;center&#8221; button_text_shadow_style=&#8221;preset3&#8243; button_text_shadow_blur_strength=&#8221;1.42em&#8221; custom_padding=&#8221;90px|||&#8221; custom_padding_tablet=&#8221;90px|||&#8221; custom_padding_phone=&#8221;10px|||&#8221; custom_padding_last_edited=&#8221;on|phone&#8221; use_background_color_gradient=&#8221;off&#8221; background_color_gradient_start=&#8221;#2b87da&#8221; background_color_gradient_end=&#8221;#29c4a9&#8243; background_color_gradient_type=&#8221;linear&#8221; background_color_gradient_direction=&#8221;180deg&#8221; background_color_gradient_direction_radial=&#8221;center&#8221; background_color_gradient_start_position=&#8221;0%&#8221; background_color_gradient_end_position=&#8221;100%&#8221; background_color_gradient_overlays_image=&#8221;off&#8221; parallax=&#8221;off&#8221; parallax_method=&#8221;on&#8221; background_size=&#8221;cover&#8221; background_position=&#8221;center&#8221; background_repeat=&#8221;no-repeat&#8221; background_blend=&#8221;normal&#8221; allow_player_pause=&#8221;off&#8221; background_video_pause_outside_viewport=&#8221;on&#8221; text_border_radius=&#8221;3&#8243; alignment=&#8221;center&#8221; child_filter_hue_rotate=&#8221;0deg&#8221; child_filter_saturate=&#8221;100%&#8221; child_filter_brightness=&#8221;100%&#8221; child_filter_contrast=&#8221;100%&#8221; child_filter_invert=&#8221;0%&#8221; child_filter_sepia=&#8221;0%&#8221; child_filter_opacity=&#8221;100%&#8221; child_filter_blur=&#8221;0px&#8221; child_mix_blend_mode=&#8221;normal&#8221; background_layout=&#8221;dark&#8221; text_shadow_style=&#8221;none&#8221; header_text_shadow_style=&#8221;none&#8221; body_text_shadow_style=&#8221;none&#8221; button_bg_use_color_gradient=&#8221;off&#8221; button_bg_color_gradient_overlays_image=&#8221;off&#8221; button_on_hover=&#8221;on&#8221; button_text_shadow_horizontal_length=&#8221;0em&#8221; button_text_shadow_vertical_length=&#8221;0em&#8221; box_shadow_style_button=&#8221;none&#8221; text_shadow_horizontal_length=&#8221;0em&#8221; text_shadow_vertical_length=&#8221;0em&#8221; text_shadow_blur_strength=&#8221;0em&#8221; header_text_shadow_horizontal_length=&#8221;0em&#8221; header_text_shadow_vertical_length=&#8221;0em&#8221; header_text_shadow_blur_strength=&#8221;0em&#8221; body_text_shadow_horizontal_length=&#8221;0em&#8221; body_text_shadow_vertical_length=&#8221;0em&#8221; body_text_shadow_blur_strength=&#8221;0em&#8221; \/][et_pb_slide button_text=&#8221;MIKROBIOL\u00d3GIAI GYORSTESZTEK&#8221; button_link=&#8221;https:\/\/latteingredients.sk\/laboratorne-testy\/&#8221; use_bg_overlay=&#8221;off&#8221; use_text_overlay=&#8221;off&#8221; _builder_version=&#8221;3.10.2&#8243; header_font=&#8221;||||&#8221; body_font=&#8221;||||&#8221; background_color=&#8221;#ffffff&#8221; background_image=&#8221;https:\/\/latteingredients.sk\/wp-content\/uploads\/2018\/02\/slide-2.jpg&#8221; custom_button=&#8221;on&#8221; button_font=&#8221;||||&#8221; button_use_icon=&#8221;off&#8221; button_alignment=&#8221;center&#8221; \/][et_pb_slide button_text=&#8221;\u00c9LELMISZERIPARI&#8221; button_link=&#8221;https:\/\/latteingredients.sk\/en\/potravinarske-ingrediencie\/&#8221; use_bg_overlay=&#8221;off&#8221; use_text_overlay=&#8221;off&#8221; _builder_version=&#8221;3.10.2&#8243; header_font=&#8221;||||&#8221; body_font=&#8221;||||&#8221; background_color=&#8221;#ffffff&#8221; background_image=&#8221;https:\/\/latteingredients.sk\/wp-content\/uploads\/2018\/02\/slide-3.jpg&#8221; background_position=&#8221;bottom_center&#8221; custom_button=&#8221;on&#8221; button_font=&#8221;||||&#8221; button_use_icon=&#8221;off&#8221; button_alignment=&#8221;center&#8221; \/][\/et_pb_fullwidth_slider][\/et_pb_section][et_pb_section bb_built=&#8221;1&#8243; _builder_version=&#8221;3.0.105&#8243; background_color_gradient_direction=&#8221;183deg&#8221; custom_padding=&#8221;0px|0px|91px|0px&#8221; bottom_divider_style=&#8221;slant&#8221; bottom_divider_color=&#8221;#222222&#8243; bottom_divider_height=&#8221;62px&#8221; bottom_divider_flip=&#8221;horizontal&#8221; bottom_divider_height_phone=&#8221;20px&#8221; bottom_divider_height_last_edited=&#8221;on|desktop&#8221; prev_background_color=&#8221;#000000&#8243;][et_pb_row use_custom_width=&#8221;on&#8221; use_custom_gutter=&#8221;on&#8221; gutter_width=&#8221;4&#8243; custom_padding=&#8221;0px|0px|0px|0px&#8221; _builder_version=&#8221;3.0.100&#8243;][et_pb_column type=&#8221;2_3&#8243;][et_pb_text _builder_version=&#8221;3.0.100&#8243; header_font=&#8221;||||||||&#8221; border_width_left=&#8221;3px&#8221; border_color_left=&#8221;#2ea3f2&#8243; custom_margin=&#8221;80px|||&#8221; custom_margin_phone=&#8221;40px|||&#8221; custom_margin_last_edited=&#8221;on|desktop&#8221; custom_padding=&#8221;|||15px&#8221;]<\/p>\n<h1 style=\"text-align: left;\">R\u00f3lunk<\/h1>\n<p>[\/et_pb_text][et_pb_text _builder_version=&#8221;3.10.2&#8243;]<\/p>\n<p style=\"text-align: justify;\">\u00dcdv\u00f6z\u00f6lj\u00fck a szlov\u00e1kiai Latte ingredients, s.r.o. honlapj\u00e1n. C\u00e9g\u00fcnk r\u00e9g\u00f3ta egy\u00fcttm\u0171k\u00f6dik neves k\u00fclf\u00f6ldi (A, IT, FR) v\u00e1llalatokkal. Tejkult\u00far\u00e1k, tejolt\u00f3 enzimek, tejfeldolgoz\u00e1shoz sz\u00fcks\u00e9ges \u00f6sszetev\u0151k, t\u00e1pi\u00f3ka kem\u00e9ny\u00edt\u0151k, cere\u00e1li\u00e1k, valamint k\u00fcl\u00f6nf\u00e9le mikrobiol\u00f3giai tesztek forgalmaz\u00e1s\u00e1ra specializ\u00e1l\u00f3dtunk.<\/p>\n<p style=\"text-align: justify;\">C\u00e9g\u00fcnk filoz\u00f3fi\u00e1ja, hogy r\u00e9szt vesz\u00fcnk \u00fcgyfeleink ig\u00e9nyeinek \u00e9s probl\u00e9m\u00e1inak megold\u00e1s\u00e1ban. Arra t\u00f6reksz\u00fcnk, hogy \u00faj, innovat\u00edv perspekt\u00edv\u00e1kat ny\u00fajtsunk. Nem azt tekintj\u00fck feladatunknak, hogy egyszer\u0171en csak term\u00e9keket \u00e9rt\u00e9kes\u00edts\u00fcnk, hanem szaktud\u00e1sunkat felhaszn\u00e1lva technol\u00f3giai tan\u00e1csad\u00e1ssal is ell\u00e1tjuk partnereinket. Arra t\u00f6reksz\u00fcnk, hogy optim\u00e1lis megold\u00e1sokat javasoljunk.<\/p>\n<p style=\"text-align: justify;\">\u00dcgyfeleink els\u0151sorban szlov\u00e1kiai, csehorsz\u00e1gi \u00e9s magyarorsz\u00e1gi tej\u00fczemek, de az ut\u00f3bbi id\u0151ben egyre nagyobb \u00e9rdekl\u0151d\u00e9st tapasztalunk kistermel\u0151k r\u00e9sz\u00e9r\u0151l is, ez\u00e9rt b\u0151v\u00edtett\u00fck a kisebb termel\u00e9sre specializ\u00e1l\u00f3dott term\u00e9kk\u00edn\u00e1latunkat. Nemcsak kisebb kiszerel\u00e9s\u0171 alapanyagokat, hanem egyszer\u0171 higi\u00e9nia ellen\u0151rz\u0151 teszteket, gy\u00e1rt\u00e1si seg\u00e9deszk\u00f6z\u00f6ket \u00e9s technol\u00f3giai berendez\u00e9seket is k\u00edn\u00e1lunk.<\/p>\n<p>[\/et_pb_text][\/et_pb_column][et_pb_column type=&#8221;1_3&#8243;][et_pb_text _builder_version=&#8221;3.0.100&#8243; header_font=&#8221;||||||||&#8221; border_width_left=&#8221;3px&#8221; border_color_left=&#8221;#2ea3f2&#8243; custom_margin=&#8221;80px|||&#8221; custom_margin_phone=&#8221;40px|||&#8221; custom_margin_last_edited=&#8221;on|desktop&#8221; custom_padding=&#8221;|||15px&#8221;]<\/p>\n<h2 style=\"text-align: left;\">Mi\u00e9rt m\u0171k\u00f6dj\u00f6n egy\u00fctt vel\u00fcnk?<\/h2>\n<p>[\/et_pb_text][et_pb_text _builder_version=&#8221;3.10.2&#8243; text_font=&#8221;||||||||&#8221; text_text_color=&#8221;#ffffff&#8221; use_background_color_gradient=&#8221;on&#8221; background_color_gradient_start=&#8221;#222222&#8243; background_color_gradient_end=&#8221;#ffffff&#8221; background_color_gradient_direction=&#8221;135deg&#8221; background_color_gradient_start_position=&#8221;93%&#8221; background_color_gradient_end_position=&#8221;59%&#8221; custom_margin=&#8221;|||&#8221; custom_padding=&#8221;35px||0px|30px&#8221; custom_padding_phone=&#8221;|||18px&#8221; custom_padding_last_edited=&#8221;on|phone&#8221;]<\/p>\n<ul>\n<li>\u00c9rt\u00fcnk a technol\u00f3gi\u00e1hoz<\/li>\n<li>Fontos sz\u00e1munkra az \u00d6n el\u00e9gedetts\u00e9ge<\/li>\n<li>Garant\u00e1ljuk term\u00e9keink min\u0151s\u00e9g\u00e9t<\/li>\n<li>Megb\u00edzhat\u00f3 \u00fczleti partner vagyunk<\/li>\n<\/ul>\n<p>&nbsp;<\/p>\n<p>[\/et_pb_text][\/et_pb_column][\/et_pb_row][et_pb_row use_custom_width=&#8221;on&#8221; use_custom_gutter=&#8221;on&#8221; gutter_width=&#8221;4&#8243; custom_padding=&#8221;0px|0px|0px|0px&#8221; disabled_on=&#8221;on|on|on&#8221; _builder_version=&#8221;3.10.2&#8243;][et_pb_column type=&#8221;1_2&#8243;][et_pb_text _builder_version=&#8221;3.10.2&#8243; header_font=&#8221;||||||||&#8221; border_width_left=&#8221;3px&#8221; border_color_left=&#8221;#2ea3f2&#8243; custom_margin=&#8221;80px|||&#8221; custom_margin_phone=&#8221;40px|||&#8221; custom_margin_last_edited=&#8221;on|desktop&#8221; custom_padding=&#8221;|||15px&#8221;]<\/p>\n<h1 style=\"text-align: left;\">R\u00f3lunk<\/h1>\n<p>[\/et_pb_text][et_pb_text _builder_version=&#8221;3.10.2&#8243;]<\/p>\n<p style=\"text-align: justify;\">\u00dcdv\u00f6z\u00f6lj\u00fck a szlov\u00e1kiai Latte ingredients, s.r.o. honlapj\u00e1n. C\u00e9g\u00fcnk r\u00e9g\u00f3ta egy\u00fcttm\u0171k\u00f6dik neves k\u00fclf\u00f6ldi (A, IT, FR) v\u00e1llalatokkal. Tejkult\u00far\u00e1k, tejolt\u00f3 enzimek, tejfeldolgoz\u00e1shoz sz\u00fcks\u00e9ges \u00f6sszetev\u0151k, t\u00e1pi\u00f3ka kem\u00e9ny\u00edt\u0151k, cere\u00e1li\u00e1k, valamint k\u00fcl\u00f6nf\u00e9le mikrobiol\u00f3giai tesztek forgalmaz\u00e1s\u00e1ra specializ\u00e1l\u00f3dtunk.<\/p>\n<p style=\"text-align: justify;\">C\u00e9g\u00fcnk filoz\u00f3fi\u00e1ja, hogy r\u00e9szt vesz\u00fcnk \u00fcgyfeleink ig\u00e9nyeinek \u00e9s probl\u00e9m\u00e1inak megold\u00e1s\u00e1ban. Arra t\u00f6reksz\u00fcnk, hogy \u00faj, innovat\u00edv perspekt\u00edv\u00e1kat ny\u00fajtsunk. Nem azt tekintj\u00fck feladatunknak, hogy egyszer\u0171en csak term\u00e9keket \u00e9rt\u00e9kes\u00edts\u00fcnk, hanem szaktud\u00e1sunkat felhaszn\u00e1lva technol\u00f3giai tan\u00e1csad\u00e1ssal is ell\u00e1tjuk partnereinket. Arra t\u00f6reksz\u00fcnk, hogy optim\u00e1lis megold\u00e1sokat javasoljunk.<\/p>\n<p style=\"text-align: justify;\">\u00dcgyfeleink els\u0151sorban szlov\u00e1kiai, csehorsz\u00e1gi \u00e9s magyarorsz\u00e1gi tej\u00fczemek, de az ut\u00f3bbi id\u0151ben egyre nagyobb \u00e9rdekl\u0151d\u00e9st tapasztalunk kistermel\u0151k r\u00e9sz\u00e9r\u0151l is, ez\u00e9rt b\u0151v\u00edtett\u00fck a kisebb termel\u00e9sre specializ\u00e1l\u00f3dott term\u00e9kk\u00edn\u00e1latunkat. Nemcsak kisebb kiszerel\u00e9s\u0171 alapanyagokat, hanem egyszer\u0171 higi\u00e9nia ellen\u0151rz\u0151 teszteket, gy\u00e1rt\u00e1si seg\u00e9deszk\u00f6z\u00f6ket \u00e9s technol\u00f3giai berendez\u00e9seket is k\u00edn\u00e1lunk.<\/p>\n<p>[\/et_pb_text][et_pb_text _builder_version=&#8221;3.10.2&#8243; header_font=&#8221;||||||||&#8221; border_width_left=&#8221;3px&#8221; border_color_left=&#8221;#2ea3f2&#8243; custom_margin=&#8221;80px|||&#8221; custom_margin_phone=&#8221;40px|||&#8221; custom_margin_last_edited=&#8221;on|desktop&#8221; custom_padding=&#8221;|||15px&#8221;]<\/p>\n<h2 style=\"text-align: left;\">Mi\u00e9rt m\u0171k\u00f6dj\u00f6n egy\u00fctt vel\u00fcnk?<\/h2>\n<p>[\/et_pb_text][et_pb_text _builder_version=&#8221;3.10.1&#8243; text_font=&#8221;||||||||&#8221; text_text_color=&#8221;#ffffff&#8221; use_background_color_gradient=&#8221;on&#8221; background_color_gradient_start=&#8221;#222222&#8243; background_color_gradient_end=&#8221;#ffffff&#8221; background_color_gradient_direction=&#8221;135deg&#8221; background_color_gradient_start_position=&#8221;93%&#8221; background_color_gradient_end_position=&#8221;59%&#8221; custom_margin=&#8221;|||&#8221; custom_padding=&#8221;35px||0px|60px&#8221; custom_padding_phone=&#8221;|||18px&#8221; custom_padding_last_edited=&#8221;on|phone&#8221;]<\/p>\n<ul>\n<li>\u00c9rt\u00fcnk a technol\u00f3gi\u00e1hoz<\/li>\n<li>Fontos sz\u00e1munkra az \u00d6n el\u00e9gedetts\u00e9ge<\/li>\n<li>Garant\u00e1ljuk term\u00e9keink min\u0151s\u00e9g\u00e9t<\/li>\n<li>Megb\u00edzhat\u00f3 \u00fczleti partner vagyunk<\/li>\n<\/ul>\n<p>&nbsp;<\/p>\n<p>[\/et_pb_text][\/et_pb_column][et_pb_column type=&#8221;1_2&#8243;][et_pb_contact_form email=&#8221;info@latteingredients.sk&#8221; title=&#8221;A term\u00e9kekkel kapcsolatos tov\u00e1bbi inform\u00e1ci\u00f3k\u00e9rt forduljon hozz\u00e1nk bizalommal.&#8221; custom_message=&#8221;MENO: %%Name%%||et_pb_line_break_holder||||et_pb_line_break_holder||E-MAIL: %%Email%%||et_pb_line_break_holder||||et_pb_line_break_holder||SPR\u00c1VA: %%Message%%||et_pb_line_break_holder||||et_pb_line_break_holder||||et_pb_line_break_holder||Tento email bol odoslan\u00fd zo str\u00e1nky: https:\/\/latteingredients.sk\/&#8221; success_message=&#8221;Az \u00fczenet sikeresen elk\u00fcldve, k\u00f6sz\u00f6nj\u00fck.&#8221; submit_button_text=&#8221;K\u00fcld\u00e9s&#8221; module_id=&#8221;et_pb_contact_form_0&#8243; _builder_version=&#8221;3.10.2&#8243; title_level=&#8221;h4&#8243; title_font=&#8221;Roboto|300|||||||&#8221; title_font_size=&#8221;24px&#8221; custom_button=&#8221;on&#8221; button_text_color=&#8221;#000000&#8243; button_border_width=&#8221;1px&#8221; button_border_radius=&#8221;4px&#8221; button_use_icon=&#8221;off&#8221; custom_margin=&#8221;82px|||&#8221; custom_css_contact_title=&#8221;padding-bottom: 38px;&#8221; global_module=&#8221;971&#8243; saved_tabs=&#8221;all&#8221; button_bg_parallax=&#8221;off&#8221; button_bg_parallax_method=&#8221;on&#8221; button_bg_allow_player_pause=&#8221;off&#8221; button_bg_video_pause_outside_viewport=&#8221;on&#8221;][et_pb_contact_field field_id=&#8221;Name&#8221; field_title=&#8221;N\u00e9v&#8221; fullwidth_field=&#8221;off&#8221; _builder_version=&#8221;3.10.2&#8243; form_field_font=&#8221;||||&#8221; border_radii=&#8221;on||||&#8221; use_border_color=&#8221;off&#8221; field_type=&#8221;input&#8221; checkbox_checked=&#8221;off&#8221; min_length=&#8221;0&#8243; max_length=&#8221;0&#8243; allowed_symbols=&#8221;all&#8221; required_mark=&#8221;on&#8221; conditional_logic=&#8221;off&#8221; use_background_color_gradient=&#8221;off&#8221; background_color_gradient_direction=&#8221;180deg&#8221; parallax=&#8221;off&#8221; background_size=&#8221;cover&#8221; background_position=&#8221;center&#8221; background_repeat=&#8221;no-repeat&#8221; background_blend=&#8221;normal&#8221; allow_player_pause=&#8221;off&#8221; background_video_pause_outside_viewport=&#8221;on&#8221; form_field_text_shadow_style=&#8221;none&#8221; box_shadow_style=&#8221;none&#8221; max_width=&#8221;100%&#8221; filter_hue_rotate=&#8221;0deg&#8221; filter_saturate=&#8221;100%&#8221; filter_brightness=&#8221;100%&#8221; filter_contrast=&#8221;100%&#8221; filter_invert=&#8221;0%&#8221; filter_sepia=&#8221;0%&#8221; filter_opacity=&#8221;100%&#8221; filter_blur=&#8221;0px&#8221; mix_blend_mode=&#8221;normal&#8221;][\/et_pb_contact_field][et_pb_contact_field field_id=&#8221;Email&#8221; field_title=&#8221;Email&#8221; field_type=&#8221;email&#8221; fullwidth_field=&#8221;off&#8221; _builder_version=&#8221;3.10.2&#8243; form_field_font=&#8221;||||&#8221; border_radii=&#8221;on||||&#8221; use_border_color=&#8221;off&#8221; checkbox_checked=&#8221;off&#8221; required_mark=&#8221;on&#8221; conditional_logic=&#8221;off&#8221; use_background_color_gradient=&#8221;off&#8221; background_color_gradient_direction=&#8221;180deg&#8221; parallax=&#8221;off&#8221; background_size=&#8221;cover&#8221; background_position=&#8221;center&#8221; background_repeat=&#8221;no-repeat&#8221; background_blend=&#8221;normal&#8221; allow_player_pause=&#8221;off&#8221; background_video_pause_outside_viewport=&#8221;on&#8221; form_field_text_shadow_style=&#8221;none&#8221; box_shadow_style=&#8221;none&#8221; max_width=&#8221;100%&#8221; filter_hue_rotate=&#8221;0deg&#8221; filter_saturate=&#8221;100%&#8221; filter_brightness=&#8221;100%&#8221; filter_contrast=&#8221;100%&#8221; filter_invert=&#8221;0%&#8221; filter_sepia=&#8221;0%&#8221; filter_opacity=&#8221;100%&#8221; filter_blur=&#8221;0px&#8221; mix_blend_mode=&#8221;normal&#8221;][\/et_pb_contact_field][et_pb_contact_field field_id=&#8221;Message&#8221; field_title=&#8221;\u00dczenet&#8221; field_type=&#8221;text&#8221; fullwidth_field=&#8221;on&#8221; _builder_version=&#8221;3.0.87&#8243; form_field_font=&#8221;||||&#8221; border_radii=&#8221;on||||&#8221; use_border_color=&#8221;off&#8221; checkbox_checked=&#8221;off&#8221; required_mark=&#8221;on&#8221; conditional_logic=&#8221;off&#8221; use_background_color_gradient=&#8221;off&#8221; background_color_gradient_direction=&#8221;180deg&#8221; parallax=&#8221;off&#8221; background_size=&#8221;cover&#8221; background_position=&#8221;center&#8221; background_repeat=&#8221;no-repeat&#8221; background_blend=&#8221;normal&#8221; allow_player_pause=&#8221;off&#8221; background_video_pause_outside_viewport=&#8221;on&#8221; form_field_text_shadow_style=&#8221;none&#8221; box_shadow_style=&#8221;none&#8221; max_width=&#8221;100%&#8221; filter_hue_rotate=&#8221;0deg&#8221; filter_saturate=&#8221;100%&#8221; filter_brightness=&#8221;100%&#8221; filter_contrast=&#8221;100%&#8221; filter_invert=&#8221;0%&#8221; filter_sepia=&#8221;0%&#8221; filter_opacity=&#8221;100%&#8221; filter_blur=&#8221;0px&#8221; mix_blend_mode=&#8221;normal&#8221;][\/et_pb_contact_field][\/et_pb_contact_form][\/et_pb_column][\/et_pb_row][\/et_pb_section]<\/p>\n","protected":false},"excerpt":{"rendered":"<p>[et_pb_section bb_built=&#8221;1&#8243; fullwidth=&#8221;on&#8221; _builder_version=&#8221;3.0.82&#8243; next_background_color=&#8221;#000000&#8243;][et_pb_fullwidth_slider show_pagination=&#8221;off&#8221; _builder_version=&#8221;3.10.2&#8243; box_shadow_style=&#8221;preset6&#8243; box_shadow_blur=&#8221;10px&#8221; box_shadow_color=&#8221;rgba(0,0,0,0.1)&#8221; auto=&#8221;on&#8221; auto_speed=&#8221;12000&#8243; custom_css_slide_button=&#8221;font-size: 0px;||background-color: rgba(0, 0, 0, 0.0) !important;||top: -1000px;||right: -1000px;||height: 5000px;||width: 5000px;||position: absolute;&#8221;][et_pb_slide button_text=&#8221;TERM\u00c9KEK&#8221; button_link=&#8221;https:\/\/latteingredients.sk\/produkty\/&#8221; use_bg_overlay=&#8221;on&#8221; bg_overlay_color=&#8221;rgba(0,0,0,0.03)&#8221; use_text_overlay=&#8221;off&#8221; _builder_version=&#8221;3.10.2&#8243; background_color=&#8221;#ffffff&#8221; background_image=&#8221;https:\/\/latteingredients.sk\/wp-content\/uploads\/2020\/04\/mliecne-vyrobky-v1.jpg&#8221; custom_button=&#8221;on&#8221; button_text_size=&#8221;65px&#8221; button_text_color=&#8221;rgba(255,255,255,0.48)&#8221; button_border_width=&#8221;0px&#8221; button_border_radius=&#8221;17px&#8221; button_letter_spacing=&#8221;2px&#8221; button_font=&#8221;|||on|||||&#8221; button_use_icon=&#8221;off&#8221; button_bg_color_hover=&#8221;rgba(0,0,0,0)&#8221; button_text_size_tablet=&#8221;65px&#8221; button_text_size_phone=&#8221;35px&#8221; button_letter_spacing_tablet=&#8221;2px&#8221; button_letter_spacing_phone=&#8221;2px&#8221; button_text_size_last_edited=&#8221;on|phone&#8221; button_alignment=&#8221;center&#8221; button_text_shadow_style=&#8221;preset3&#8243; button_text_shadow_blur_strength=&#8221;1.42em&#8221; custom_padding=&#8221;90px|||&#8221; custom_padding_tablet=&#8221;90px|||&#8221; custom_padding_phone=&#8221;10px|||&#8221; custom_padding_last_edited=&#8221;on|phone&#8221; use_background_color_gradient=&#8221;off&#8221; background_color_gradient_start=&#8221;#2b87da&#8221; [&hellip;]<\/p>\n","protected":false},"author":1,"featured_media":0,"parent":0,"menu_order":0,"comment_status":"closed","ping_status":"open","template":"","meta":[],"yoast_head":"<!-- This site is optimized with the Yoast SEO plugin v16.1.1 - https:\/\/yoast.com\/wordpress\/plugins\/seo\/ -->\n<title>Tejipari \u00f6sszetev\u0151k | Kem\u00e9ny\u00edt\u0151k | Latteingredients s.r.o.<\/title>\n<meta name=\"description\" content=\"Tejkult\u00far\u00e1k, tejolt\u00f3 enzimek, tejfeldolgoz\u00e1shoz sz\u00fcks\u00e9ges \u00f6sszetev\u0151k, t\u00e1pi\u00f3ka kem\u00e9ny\u00edt\u0151k, cere\u00e1li\u00e1k, valamint k\u00fcl\u00f6nf\u00e9le mikrobiol\u00f3giai tesztek forgalmaz\u00e1s\u00e1ra specializ\u00e1l\u00f3dtunk.\" \/>\n<link rel=\"canonical\" href=\"https:\/\/latteingredients.sk\/hu\/\" \/>\n<meta property=\"og:locale\" content=\"hu_HU\" \/>\n<meta property=\"og:type\" content=\"article\" \/>\n<meta property=\"og:title\" content=\"Tejipari \u00f6sszetev\u0151k | Kem\u00e9ny\u00edt\u0151k | Latteingredients s.r.o.\" \/>\n<meta property=\"og:description\" content=\"Tejkult\u00far\u00e1k, tejolt\u00f3 enzimek, tejfeldolgoz\u00e1shoz sz\u00fcks\u00e9ges \u00f6sszetev\u0151k, t\u00e1pi\u00f3ka kem\u00e9ny\u00edt\u0151k, cere\u00e1li\u00e1k, valamint k\u00fcl\u00f6nf\u00e9le mikrobiol\u00f3giai tesztek forgalmaz\u00e1s\u00e1ra specializ\u00e1l\u00f3dtunk.\" \/>\n<meta property=\"og:url\" content=\"https:\/\/latteingredients.sk\/\" \/>\n<meta property=\"og:site_name\" content=\"latteingredients.sk\" \/>\n<meta property=\"article:modified_time\" content=\"2023-09-25T06:43:56+00:00\" \/>\n<meta name=\"twitter:card\" content=\"summary_large_image\" \/>\n<meta name=\"twitter:label1\" content=\"Becs\u00fclt olvas\u00e1si id\u0151\">\n\t<meta name=\"twitter:data1\" content=\"10 perc\">\n<script type=\"application\/ld+json\" class=\"yoast-schema-graph\">{\"@context\":\"https:\/\/schema.org\",\"@graph\":[{\"@type\":\"WebSite\",\"@id\":\"https:\/\/latteingredients.sk\/#website\",\"url\":\"https:\/\/latteingredients.sk\/\",\"name\":\"latteingredients.sk\",\"description\":\"\",\"potentialAction\":[{\"@type\":\"SearchAction\",\"target\":\"https:\/\/latteingredients.sk\/?s={search_term_string}\",\"query-input\":\"required name=search_term_string\"}],\"inLanguage\":\"hu\"},{\"@type\":\"WebPage\",\"@id\":\"https:\/\/latteingredients.sk\/#webpage\",\"url\":\"https:\/\/latteingredients.sk\/\",\"name\":\"Tejipari \\u00f6sszetev\\u0151k | Kem\\u00e9ny\\u00edt\\u0151k | Latteingredients s.r.o.\",\"isPartOf\":{\"@id\":\"https:\/\/latteingredients.sk\/#website\"},\"datePublished\":\"2023-09-19T09:27:42+00:00\",\"dateModified\":\"2023-09-25T06:43:56+00:00\",\"description\":\"Tejkult\\u00far\\u00e1k, tejolt\\u00f3 enzimek, tejfeldolgoz\\u00e1shoz sz\\u00fcks\\u00e9ges \\u00f6sszetev\\u0151k, t\\u00e1pi\\u00f3ka kem\\u00e9ny\\u00edt\\u0151k, cere\\u00e1li\\u00e1k, valamint k\\u00fcl\\u00f6nf\\u00e9le mikrobiol\\u00f3giai tesztek forgalmaz\\u00e1s\\u00e1ra specializ\\u00e1l\\u00f3dtunk.\",\"breadcrumb\":{\"@id\":\"https:\/\/latteingredients.sk\/#breadcrumb\"},\"inLanguage\":\"hu\",\"potentialAction\":[{\"@type\":\"ReadAction\",\"target\":[\"https:\/\/latteingredients.sk\/\"]}]},{\"@type\":\"BreadcrumbList\",\"@id\":\"https:\/\/latteingredients.sk\/#breadcrumb\",\"itemListElement\":[{\"@type\":\"ListItem\",\"position\":1,\"item\":{\"@type\":\"WebPage\",\"@id\":\"https:\/\/latteingredients.sk\/\",\"url\":\"https:\/\/latteingredients.sk\/\",\"name\":\"Home\"}},{\"@type\":\"ListItem\",\"position\":2,\"item\":{\"@type\":\"WebPage\",\"@id\":\"https:\/\/latteingredients.sk\/\",\"url\":\"https:\/\/latteingredients.sk\/\",\"name\":\"latte ingredients\"}}]}]}<\/script>\n<!-- \/ Yoast SEO plugin. -->","_links":{"self":[{"href":"https:\/\/latteingredients.sk\/hu\/wp-json\/wp\/v2\/pages\/2104"}],"collection":[{"href":"https:\/\/latteingredients.sk\/hu\/wp-json\/wp\/v2\/pages"}],"about":[{"href":"https:\/\/latteingredients.sk\/hu\/wp-json\/wp\/v2\/types\/page"}],"author":[{"embeddable":true,"href":"https:\/\/latteingredients.sk\/hu\/wp-json\/wp\/v2\/users\/1"}],"replies":[{"embeddable":true,"href":"https:\/\/latteingredients.sk\/hu\/wp-json\/wp\/v2\/comments?post=2104"}],"version-history":[{"count":14,"href":"https:\/\/latteingredients.sk\/hu\/wp-json\/wp\/v2\/pages\/2104\/revisions"}],"predecessor-version":[{"id":2191,"href":"https:\/\/latteingredients.sk\/hu\/wp-json\/wp\/v2\/pages\/2104\/revisions\/2191"}],"wp:attachment":[{"href":"https:\/\/latteingredients.sk\/hu\/wp-json\/wp\/v2\/media?parent=2104"}],"curies":[{"name":"wp","href":"https:\/\/api.w.org\/{rel}","templated":true}]}}