{"id":2147,"date":"2023-09-20T10:55:26","date_gmt":"2023-09-20T08:55:26","guid":{"rendered":"https:\/\/latteingredients.sk\/termeszetes-tartositoszerek\/"},"modified":"2023-09-20T11:21:17","modified_gmt":"2023-09-20T09:21:17","slug":"termeszetes-tartositoszerek","status":"publish","type":"page","link":"https:\/\/latteingredients.sk\/hu\/termeszetes-tartositoszerek\/","title":{"rendered":"Term\u00e9szetes tart\u00f3s\u00edt\u00f3szerek"},"content":{"rendered":"<p>[et_pb_section bb_built=&#8221;1&#8243; _builder_version=&#8221;3.0.100&#8243; background_color_gradient_direction=&#8221;183deg&#8221; custom_padding=&#8221;51.2px|0px|20px|0px&#8221;][et_pb_row custom_padding=&#8221;3px|0px|27px|0px&#8221; _builder_version=&#8221;3.0.47&#8243; background_size=&#8221;initial&#8221; background_position=&#8221;top_left&#8221; background_repeat=&#8221;repeat&#8221;][et_pb_column type=&#8221;1_3&#8243;][et_pb_sidebar area=&#8221;sidebar-1&#8243; disabled_on=&#8221;on|on|&#8221; _builder_version=&#8221;3.0.82&#8243; custom_margin=&#8221;|||&#8221; custom_padding=&#8221;|||&#8221; \/][\/et_pb_column][et_pb_column type=&#8221;2_3&#8243;][et_pb_text _builder_version=&#8221;3.0.100&#8243; border_width_left=&#8221;3px&#8221; border_color_left=&#8221;#2ea3f2&#8243; custom_padding=&#8221;|||15px&#8221;]<\/p>\n<h1>Term\u00e9szetes tart\u00f3s\u00edt\u00f3szerek<\/h1>\n<p>[\/et_pb_text][et_pb_image src=&#8221;https:\/\/latteingredients.sk\/wp-content\/uploads\/2018\/02\/bio-konzervanty.jpg&#8221; alt=&#8221;Term\u00e9szetes tart\u00f3s\u00edt\u00f3szerek&#8221; _builder_version=&#8221;3.10.2&#8243; box_shadow_style=&#8221;preset1&#8243; max_width=&#8221;70%&#8221; \/][et_pb_text _builder_version=&#8221;3.10.2&#8243;]<\/p>\n<p>A Sacco system v\u00e1laszt\u00e9k\u00e1ban k\u00fcl\u00f6nf\u00e9le bioterm\u00e9keket k\u00edn\u00e1lunk, amelyek a tejterm\u00e9kek nemk\u00edv\u00e1natos mikrofl\u00f3ra elleni v\u00e9delm\u00e9re szolg\u00e1lnak.<\/p>\n<p>Gondjai vannak a k\u00fcl\u00f6nb\u00f6z\u0151 pen\u00e9sz-, gomba- \u00e9s \u00e9leszt\u0151t\u00f6rzsekkel? Van megold\u00e1sunk az \u00d6n sz\u00e1m\u00e1ra a <a href=\"..\/natacid\/%20\"><strong>Natacid<\/strong><\/a> nev\u0171 term\u00e9k\u00fcnkkel, melynek hat\u00f3anyaga a natamicin, m\u00e1s n\u00e9ven pimaricin.<\/p>\n<p>Harcol a gram-pozit\u00edv bakt\u00e9riumok ellen, k\u00fcl\u00f6n\u00f6sen azok ellen, amelyek sp\u00f3r\u00e1kat k\u00e9peznek? <a href=\"..\/Nizin\/\"><strong>Nizin<\/strong><\/a> nev\u0171 term\u00e9k\u00fcnk j\u00e1tszva seg\u00edt \u00d6nnek.<\/p>\n<p>[\/et_pb_text][et_pb_contact_form _builder_version=&#8221;3.10.2&#8243; title=&#8221;A term\u00e9kekkel kapcsolatos tov\u00e1bbi inform\u00e1ci\u00f3k\u00e9rt forduljon hozz\u00e1nk bizalommal.&#8221; success_message=&#8221;Az \u00fczenet sikeresen elk\u00fcldve, k\u00f6sz\u00f6nj\u00fck.&#8221; submit_button_text=&#8221;K\u00fcld\u00e9s&#8221; email=&#8221;info@latteingredients.sk &#8221; custom_message=&#8221;MENO: %%Meno%%||et_pb_line_break_holder||||et_pb_line_break_holder||E-MAIL: %%Email%%||et_pb_line_break_holder||||et_pb_line_break_holder||SPR\u00c1VA: %%Sprava%%||et_pb_line_break_holder||||et_pb_line_break_holder||||et_pb_line_break_holder||Tento email bol odoslan\u00fd zo str\u00e1nky: https:\/\/latteingredients.sk\/bio-konzervanty\/&#8221; custom_button=&#8221;on&#8221; button_text_color=&#8221;#000000&#8243; button_use_icon=&#8221;off&#8221; title_font=&#8221;Roboto||||||||&#8221; title_font_size=&#8221;24&#8243; saved_tabs=&#8221;all&#8221;][et_pb_contact_field field_title=&#8221;N\u00e9v&#8221; field_type=&#8221;input&#8221; field_id=&#8221;Meno&#8221; required_mark=&#8221;on&#8221; fullwidth_field=&#8221;off&#8221; _builder_version=&#8221;3.10.2&#8243; checkbox_checked=&#8221;off&#8221; checkbox_options=&#8221;%91{%22value%22:%22N\u00e9v%22,%22checked%22:0}%93&#8243; radio_options=&#8221;%91{%22value%22:%22N\u00e9v%22,%22checked%22:0}%93&#8243; select_options=&#8221;%91{%22value%22:%22N\u00e9v%22,%22checked%22:0}%93&#8243; min_length=&#8221;0&#8243; max_length=&#8221;0&#8243; allowed_symbols=&#8221;all&#8221; conditional_logic=&#8221;off&#8221; conditional_logic_relation=&#8221;off&#8221; conditional_logic_rules=&#8221;%91{%22field%22:%22email%22,%22condition%22:%22is%22,%22value%22:%22%22}%93&#8243; use_background_color_gradient=&#8221;off&#8221; background_color_gradient_start=&#8221;#2b87da&#8221; background_color_gradient_end=&#8221;#29c4a9&#8243; background_color_gradient_type=&#8221;linear&#8221; background_color_gradient_direction=&#8221;180deg&#8221; background_color_gradient_direction_radial=&#8221;center&#8221; background_color_gradient_start_position=&#8221;0%&#8221; background_color_gradient_end_position=&#8221;100%&#8221; background_color_gradient_overlays_image=&#8221;off&#8221; parallax=&#8221;off&#8221; parallax_method=&#8221;on&#8221; background_size=&#8221;cover&#8221; background_position=&#8221;center&#8221; background_repeat=&#8221;no-repeat&#8221; background_blend=&#8221;normal&#8221; allow_player_pause=&#8221;off&#8221; background_video_pause_outside_viewport=&#8221;on&#8221; form_field_text_shadow_style=&#8221;none&#8221; box_shadow_style=&#8221;none&#8221; form_field_text_shadow_horizontal_length=&#8221;0em&#8221; form_field_text_shadow_vertical_length=&#8221;0em&#8221; form_field_text_shadow_blur_strength=&#8221;0em&#8221; \/][et_pb_contact_field field_title=&#8221;E-mail&#8221; field_type=&#8221;email&#8221; field_id=&#8221;Email&#8221; required_mark=&#8221;on&#8221; fullwidth_field=&#8221;off&#8221; _builder_version=&#8221;3.10.2&#8243; checkbox_checked=&#8221;off&#8221; checkbox_options=&#8221;%91{%22value%22:%22E-mail c\u00edm%22,%22checked%22:0}%93&#8243; radio_options=&#8221;%91{%22value%22:%22E-mail c\u00edm%22,%22checked%22:0}%93&#8243; select_options=&#8221;%91{%22value%22:%22E-mail c\u00edm%22,%22checked%22:0}%93&#8243; min_length=&#8221;0&#8243; max_length=&#8221;0&#8243; allowed_symbols=&#8221;all&#8221; conditional_logic=&#8221;off&#8221; conditional_logic_relation=&#8221;off&#8221; conditional_logic_rules=&#8221;%91{%22field%22:%22meno%22,%22condition%22:%22is%22,%22value%22:%22%22}%93&#8243; use_background_color_gradient=&#8221;off&#8221; background_color_gradient_start=&#8221;#2b87da&#8221; background_color_gradient_end=&#8221;#29c4a9&#8243; background_color_gradient_type=&#8221;linear&#8221; background_color_gradient_direction=&#8221;180deg&#8221; background_color_gradient_direction_radial=&#8221;center&#8221; background_color_gradient_start_position=&#8221;0%&#8221; background_color_gradient_end_position=&#8221;100%&#8221; background_color_gradient_overlays_image=&#8221;off&#8221; parallax=&#8221;off&#8221; parallax_method=&#8221;on&#8221; background_size=&#8221;cover&#8221; background_position=&#8221;center&#8221; background_repeat=&#8221;no-repeat&#8221; background_blend=&#8221;normal&#8221; allow_player_pause=&#8221;off&#8221; background_video_pause_outside_viewport=&#8221;on&#8221; form_field_text_shadow_style=&#8221;none&#8221; box_shadow_style=&#8221;none&#8221; form_field_text_shadow_horizontal_length=&#8221;0em&#8221; form_field_text_shadow_vertical_length=&#8221;0em&#8221; form_field_text_shadow_blur_strength=&#8221;0em&#8221; \/][et_pb_contact_field field_title=&#8221;\u00dczenet&#8221; field_type=&#8221;text&#8221; field_id=&#8221;Sprava&#8221; required_mark=&#8221;on&#8221; fullwidth_field=&#8221;on&#8221; _builder_version=&#8221;3.10.2&#8243; checkbox_checked=&#8221;off&#8221; checkbox_options=&#8221;%91{%22value%22:%22E-mail \u00fczenet%22,%22checked%22:0}%93&#8243; radio_options=&#8221;%91{%22value%22:%22E-mail \u00fczenet%22,%22checked%22:0}%93&#8243; select_options=&#8221;%91{%22value%22:%22E-mail \u00fczenet%22,%22checked%22:0}%93&#8243; min_length=&#8221;0&#8243; max_length=&#8221;0&#8243; allowed_symbols=&#8221;all&#8221; conditional_logic=&#8221;off&#8221; conditional_logic_relation=&#8221;off&#8221; conditional_logic_rules=&#8221;%91{%22field%22:%22meno%22,%22condition%22:%22is%22,%22value%22:%22%22}%93&#8243; use_background_color_gradient=&#8221;off&#8221; background_color_gradient_start=&#8221;#2b87da&#8221; background_color_gradient_end=&#8221;#29c4a9&#8243; background_color_gradient_type=&#8221;linear&#8221; background_color_gradient_direction=&#8221;180deg&#8221; background_color_gradient_direction_radial=&#8221;center&#8221; background_color_gradient_start_position=&#8221;0%&#8221; background_color_gradient_end_position=&#8221;100%&#8221; background_color_gradient_overlays_image=&#8221;off&#8221; parallax=&#8221;off&#8221; parallax_method=&#8221;on&#8221; background_size=&#8221;cover&#8221; background_position=&#8221;center&#8221; background_repeat=&#8221;no-repeat&#8221; background_blend=&#8221;normal&#8221; allow_player_pause=&#8221;off&#8221; background_video_pause_outside_viewport=&#8221;on&#8221; form_field_text_shadow_style=&#8221;none&#8221; box_shadow_style=&#8221;none&#8221; form_field_text_shadow_horizontal_length=&#8221;0em&#8221; form_field_text_shadow_vertical_length=&#8221;0em&#8221; form_field_text_shadow_blur_strength=&#8221;0em&#8221; \/][\/et_pb_contact_form][\/et_pb_column][\/et_pb_row][\/et_pb_section]<\/p>\n","protected":false},"excerpt":{"rendered":"<p>[et_pb_section bb_built=&#8221;1&#8243; _builder_version=&#8221;3.0.100&#8243; background_color_gradient_direction=&#8221;183deg&#8221; custom_padding=&#8221;51.2px|0px|20px|0px&#8221;][et_pb_row custom_padding=&#8221;3px|0px|27px|0px&#8221; _builder_version=&#8221;3.0.47&#8243; background_size=&#8221;initial&#8221; background_position=&#8221;top_left&#8221; background_repeat=&#8221;repeat&#8221;][et_pb_column type=&#8221;1_3&#8243;][et_pb_sidebar area=&#8221;sidebar-1&#8243; disabled_on=&#8221;on|on|&#8221; _builder_version=&#8221;3.0.82&#8243; custom_margin=&#8221;|||&#8221; custom_padding=&#8221;|||&#8221; \/][\/et_pb_column][et_pb_column type=&#8221;2_3&#8243;][et_pb_text _builder_version=&#8221;3.0.100&#8243; border_width_left=&#8221;3px&#8221; border_color_left=&#8221;#2ea3f2&#8243; custom_padding=&#8221;|||15px&#8221;] Term\u00e9szetes tart\u00f3s\u00edt\u00f3szerek [\/et_pb_text][et_pb_image src=&#8221;https:\/\/latteingredients.sk\/wp-content\/uploads\/2018\/02\/bio-konzervanty.jpg&#8221; alt=&#8221;Term\u00e9szetes tart\u00f3s\u00edt\u00f3szerek&#8221; _builder_version=&#8221;3.10.2&#8243; box_shadow_style=&#8221;preset1&#8243; max_width=&#8221;70%&#8221; \/][et_pb_text _builder_version=&#8221;3.10.2&#8243;] A Sacco system v\u00e1laszt\u00e9k\u00e1ban k\u00fcl\u00f6nf\u00e9le bioterm\u00e9keket k\u00edn\u00e1lunk, amelyek a tejterm\u00e9kek nemk\u00edv\u00e1natos mikrofl\u00f3ra elleni v\u00e9delm\u00e9re szolg\u00e1lnak. Gondjai vannak a k\u00fcl\u00f6nb\u00f6z\u0151 pen\u00e9sz-, gomba- \u00e9s [&hellip;]<\/p>\n","protected":false},"author":1,"featured_media":0,"parent":0,"menu_order":0,"comment_status":"closed","ping_status":"closed","template":"","meta":[],"yoast_head":"<!-- This site is optimized with the Yoast SEO plugin v16.1.1 - https:\/\/yoast.com\/wordpress\/plugins\/seo\/ -->\n<title>Term\u00e9szetes tart\u00f3s\u00edt\u00f3szerek - latteingredients.sk<\/title>\n<link rel=\"canonical\" href=\"https:\/\/latteingredients.sk\/hu\/bio-konzervanty\/\" \/>\n<meta property=\"og:locale\" content=\"hu_HU\" \/>\n<meta property=\"og:type\" content=\"article\" \/>\n<meta property=\"og:title\" content=\"Term\u00e9szetes tart\u00f3s\u00edt\u00f3szerek - latteingredients.sk\" \/>\n<meta property=\"og:description\" content=\"[et_pb_section bb_built=&#8221;1&#8243; _builder_version=&#8221;3.0.100&#8243; background_color_gradient_direction=&#8221;183deg&#8221; custom_padding=&#8221;51.2px|0px|20px|0px&#8221;][et_pb_row custom_padding=&#8221;3px|0px|27px|0px&#8221; _builder_version=&#8221;3.0.47&#8243; background_size=&#8221;initial&#8221; background_position=&#8221;top_left&#8221; background_repeat=&#8221;repeat&#8221;][et_pb_column type=&#8221;1_3&#8243;][et_pb_sidebar area=&#8221;sidebar-1&#8243; disabled_on=&#8221;on|on|&#8221; _builder_version=&#8221;3.0.82&#8243; custom_margin=&#8221;|||&#8221; custom_padding=&#8221;|||&#8221; \/][\/et_pb_column][et_pb_column type=&#8221;2_3&#8243;][et_pb_text _builder_version=&#8221;3.0.100&#8243; border_width_left=&#8221;3px&#8221; border_color_left=&#8221;#2ea3f2&#8243; custom_padding=&#8221;|||15px&#8221;] Term\u00e9szetes tart\u00f3s\u00edt\u00f3szerek [\/et_pb_text][et_pb_image src=&#8221;https:\/\/latteingredients.sk\/wp-content\/uploads\/2018\/02\/bio-konzervanty.jpg&#8221; alt=&#8221;Term\u00e9szetes tart\u00f3s\u00edt\u00f3szerek&#8221; _builder_version=&#8221;3.10.2&#8243; box_shadow_style=&#8221;preset1&#8243; max_width=&#8221;70%&#8221; \/][et_pb_text _builder_version=&#8221;3.10.2&#8243;] A Sacco system v\u00e1laszt\u00e9k\u00e1ban k\u00fcl\u00f6nf\u00e9le bioterm\u00e9keket k\u00edn\u00e1lunk, amelyek a tejterm\u00e9kek nemk\u00edv\u00e1natos mikrofl\u00f3ra elleni v\u00e9delm\u00e9re szolg\u00e1lnak. Gondjai vannak a k\u00fcl\u00f6nb\u00f6z\u0151 pen\u00e9sz-, gomba- \u00e9s [&hellip;]\" \/>\n<meta property=\"og:url\" content=\"https:\/\/latteingredients.sk\/bio-konzervanty\/\" \/>\n<meta property=\"og:site_name\" content=\"latteingredients.sk\" \/>\n<meta property=\"article:modified_time\" content=\"2023-09-20T09:21:17+00:00\" \/>\n<meta name=\"twitter:card\" content=\"summary_large_image\" \/>\n<meta name=\"twitter:label1\" content=\"Becs\u00fclt olvas\u00e1si id\u0151\">\n\t<meta name=\"twitter:data1\" content=\"4 perc\">\n<script type=\"application\/ld+json\" class=\"yoast-schema-graph\">{\"@context\":\"https:\/\/schema.org\",\"@graph\":[{\"@type\":\"WebSite\",\"@id\":\"https:\/\/latteingredients.sk\/#website\",\"url\":\"https:\/\/latteingredients.sk\/\",\"name\":\"latteingredients.sk\",\"description\":\"\",\"potentialAction\":[{\"@type\":\"SearchAction\",\"target\":\"https:\/\/latteingredients.sk\/?s={search_term_string}\",\"query-input\":\"required name=search_term_string\"}],\"inLanguage\":\"hu\"},{\"@type\":\"WebPage\",\"@id\":\"https:\/\/latteingredients.sk\/bio-konzervanty\/#webpage\",\"url\":\"https:\/\/latteingredients.sk\/bio-konzervanty\/\",\"name\":\"Term\\u00e9szetes tart\\u00f3s\\u00edt\\u00f3szerek - latteingredients.sk\",\"isPartOf\":{\"@id\":\"https:\/\/latteingredients.sk\/#website\"},\"datePublished\":\"2023-09-20T08:55:26+00:00\",\"dateModified\":\"2023-09-20T09:21:17+00:00\",\"breadcrumb\":{\"@id\":\"https:\/\/latteingredients.sk\/bio-konzervanty\/#breadcrumb\"},\"inLanguage\":\"hu\",\"potentialAction\":[{\"@type\":\"ReadAction\",\"target\":[\"https:\/\/latteingredients.sk\/bio-konzervanty\/\"]}]},{\"@type\":\"BreadcrumbList\",\"@id\":\"https:\/\/latteingredients.sk\/bio-konzervanty\/#breadcrumb\",\"itemListElement\":[{\"@type\":\"ListItem\",\"position\":1,\"item\":{\"@type\":\"WebPage\",\"@id\":\"https:\/\/latteingredients.sk\/\",\"url\":\"https:\/\/latteingredients.sk\/\",\"name\":\"Home\"}},{\"@type\":\"ListItem\",\"position\":2,\"item\":{\"@type\":\"WebPage\",\"@id\":\"https:\/\/latteingredients.sk\/bio-konzervanty\/\",\"url\":\"https:\/\/latteingredients.sk\/bio-konzervanty\/\",\"name\":\"Term\\u00e9szetes tart\\u00f3s\\u00edt\\u00f3szerek\"}}]}]}<\/script>\n<!-- \/ Yoast SEO plugin. -->","_links":{"self":[{"href":"https:\/\/latteingredients.sk\/hu\/wp-json\/wp\/v2\/pages\/2147"}],"collection":[{"href":"https:\/\/latteingredients.sk\/hu\/wp-json\/wp\/v2\/pages"}],"about":[{"href":"https:\/\/latteingredients.sk\/hu\/wp-json\/wp\/v2\/types\/page"}],"author":[{"embeddable":true,"href":"https:\/\/latteingredients.sk\/hu\/wp-json\/wp\/v2\/users\/1"}],"replies":[{"embeddable":true,"href":"https:\/\/latteingredients.sk\/hu\/wp-json\/wp\/v2\/comments?post=2147"}],"version-history":[{"count":5,"href":"https:\/\/latteingredients.sk\/hu\/wp-json\/wp\/v2\/pages\/2147\/revisions"}],"predecessor-version":[{"id":2152,"href":"https:\/\/latteingredients.sk\/hu\/wp-json\/wp\/v2\/pages\/2147\/revisions\/2152"}],"wp:attachment":[{"href":"https:\/\/latteingredients.sk\/hu\/wp-json\/wp\/v2\/media?parent=2147"}],"curies":[{"name":"wp","href":"https:\/\/api.w.org\/{rel}","templated":true}]}}